{"id":76,"date":"2026-01-23T11:35:05","date_gmt":"2026-01-23T11:35:05","guid":{"rendered":"https:\/\/mylib.eu\/?page_id=76"},"modified":"2026-02-19T10:21:33","modified_gmt":"2026-02-19T10:21:33","slug":"downlad-apk","status":"publish","type":"page","link":"https:\/\/mylib.eu\/?page_id=76","title":{"rendered":"APK Download"},"content":{"rendered":"<div style=\"text-align: center;\">\n<\/br>\n<\/br>\n<figure class=\"wp-block-image size-full\"><img loading=\"lazy\" decoding=\"async\" width=\"200\" height=\"24\" src=\"http:\/\/wp3.mydcspace.eu\/wp-content\/uploads\/2025\/07\/logo.png\" alt=\"\" class=\"wp-image-16\"\/><\/figure>\n\n\n\n<p class=\"has-text-align-center\">Vers\u00f5es da Aplica\u00e7\u00e3o<\/p>\n\n\n\n<div class=\"wp-block-group is-layout-flow wp-block-group-is-layout-flow\">\n<div style=\"display: flex; justify-content: center;\">\n    <ul style=\"list-style: disc; list-style-position: inside; text-align: left; color: white; font-family: sans-serif; font-size: 16px; max-width: 600px;\">\n      <li><a href=\"https:\/\/play.google.com\/store\/apps\/details?id=pt.libware.mylibraryapp\" target=\"_blank\" rel=\"noopener\" style=\"display: inline-block; text-decoration: none; color: #007AFF; font-family: sans-serif; font-weight: bold;\">\n   Vers\u00e3o Android &#8211; 16x\n<\/a><\/li>\n      <li>Vers\u00e3o Android &#8211; 15x<\/li>\n    <\/ul>\n  <\/div>\n<\/div>\n\n\n\n<p class=\"has-text-align-center\">Usar a aplica\u00e7\u00e3o requer estar registado na sua biblioteca.<\/p>\n\n\n<footer class=\"wp-block-template-part\">\n<div class=\"wp-block-group alignfull is-layout-constrained wp-block-group-is-layout-constrained\">\n<div class=\"wp-block-group alignwide is-layout-flow wp-block-group-is-layout-flow\" style=\"padding-top:4rem;padding-bottom:4rem\">\n<div style=\"height:50px\" aria-hidden=\"true\" class=\"wp-block-spacer\"><\/div>\n\n\n\n<p class=\"has-text-align-center\" style=\"font-size:16px\">\u00a9 <a href=\"https:\/\/libware.net\/\">Libware<\/a><\/p>\n<\/div>\n<\/div>\n<\/footer>\n\n\n<p><\/p>\n","protected":false},"excerpt":{"rendered":"<p>Vers\u00f5es da Aplica\u00e7\u00e3o Vers\u00e3o Android &#8211; 16x Vers\u00e3o Android &#8211; 15x Usar a aplica\u00e7\u00e3o requer estar registado na sua biblioteca.<\/p>\n","protected":false},"author":1,"featured_media":0,"parent":0,"menu_order":0,"comment_status":"closed","ping_status":"closed","template":"","meta":{"footnotes":""},"class_list":["post-76","page","type-page","status-publish","hentry"],"_links":{"self":[{"href":"https:\/\/mylib.eu\/index.php?rest_route=\/wp\/v2\/pages\/76","targetHints":{"allow":["GET"]}}],"collection":[{"href":"https:\/\/mylib.eu\/index.php?rest_route=\/wp\/v2\/pages"}],"about":[{"href":"https:\/\/mylib.eu\/index.php?rest_route=\/wp\/v2\/types\/page"}],"author":[{"embeddable":true,"href":"https:\/\/mylib.eu\/index.php?rest_route=\/wp\/v2\/users\/1"}],"replies":[{"embeddable":true,"href":"https:\/\/mylib.eu\/index.php?rest_route=%2Fwp%2Fv2%2Fcomments&post=76"}],"version-history":[{"count":8,"href":"https:\/\/mylib.eu\/index.php?rest_route=\/wp\/v2\/pages\/76\/revisions"}],"predecessor-version":[{"id":125,"href":"https:\/\/mylib.eu\/index.php?rest_route=\/wp\/v2\/pages\/76\/revisions\/125"}],"wp:attachment":[{"href":"https:\/\/mylib.eu\/index.php?rest_route=%2Fwp%2Fv2%2Fmedia&parent=76"}],"curies":[{"name":"wp","href":"https:\/\/api.w.org\/{rel}","templated":true}]}}